{"id":16851,"date":"2024-10-29T11:50:08","date_gmt":"2024-10-29T11:50:08","guid":{"rendered":"https:\/\/tyshop.it\/product\/alama-s-o-s-color-go-rosso\/"},"modified":"2026-03-05T13:59:45","modified_gmt":"2026-03-05T13:59:45","slug":"alama-s-o-s-color-go-rosso","status":"publish","type":"product","link":"https:\/\/tyshop.it\/en\/product\/alama-s-o-s-color-go-rosso\/","title":{"rendered":"Alama S.O.S. Color &amp; Go Rosso"},"content":{"rendered":"<h4>Benefici:<\/h4>\n<ul>\n<li><strong>Nutrimento profondo<\/strong>: La sua formula ricca di ingredienti nutrienti idrata in profondit\u00e0 i capelli, rendendoli morbidi e setosi.<\/li>\n<li><strong>Tonalizzazione intensa<\/strong>: Il colore rosso vivace intensifica i riflessi, creando una chioma ricca e luminosa che cattura l&#8217;attenzione.<\/li>\n<li><strong>Versatilit\u00e0<\/strong>: Ideale per capelli naturali, colorati e con m\u00e8ches, per un look audace e raffinato.<\/li>\n<\/ul>\n<h4>Modalit\u00e0 d&#8217;uso:<\/h4>\n<ol>\n<li><strong>Preparazione<\/strong>: Dopo aver lavato i capelli con shampoo, indossa guanti monouso per proteggere le mani.<\/li>\n<li><strong>Applicazione<\/strong>: Distribuisci uniformemente la maschera sui capelli tamponati, utilizzando un pettine per garantire una copertura omogenea.<\/li>\n<li><strong>Tempo di posa<\/strong>: Lascia in posa da 3 a 15 minuti, a seconda dell\u2019intensit\u00e0 del riflesso rosso desiderato.<\/li>\n<li><strong>Risciacquo<\/strong>: Risciacqua con cura per rimuovere il prodotto.<\/li>\n<\/ol>\n<p>Con la <strong>maschera colorata condizionante rosso<\/strong>, puoi trasformare i tuoi capelli in una tela di colori vibranti e luminosi, per un look audace e affascinante. Aggiungi questo prodotto alla tua routine di bellezza e lascia che la tua chioma risplenda.<\/p>\n<p>&nbsp;<\/p>\n<p><em>INGREDIENTI\u00a0<\/em><\/p>\n<p><em>Aqua (Water), Caprylic\/Capric Triglyceride, Cetearyl Alcohol, Cetrimonium Chloride, Quaternium-82, Parfum (Fragrance), Basic Red51, Methoxy PEG\/PPG-7\/3 Aminopropyl Dimethicone, Propylene Glycol, Triethylene Glycol, Benzyl Alcohol, Citric Acid, Calophylluminophyllum seed oil, Triethanolamine, Methylchloroisothiazolinone Methylisothiazolinone, Magnesium Nitrate, Magnesium Chloride,Pentaerythrityl Tetra-di-t-butyl Hydroxyhydrocinnamate<\/em><\/p>","protected":false},"excerpt":{"rendered":"<p>La <strong>maschera colorata condizionante rosso<\/strong> \u00e8 un trattamento di alta qualit\u00e0 progettato per nutrire e tonalizzare i capelli naturali, colorati e con m\u00e8ches.<\/p>\n<p>Questa maschera arricchita dona un vibrante riflesso rosso, esaltando la brillantezza e la profondit\u00e0 dei tuoi capelli.<\/p>","protected":false},"featured_media":16850,"comment_status":"open","ping_status":"closed","template":"","meta":{"jetpack_post_was_ever_published":false},"product_brand":[2698],"product_cat":[664,675,666,680,665],"product_tag":[614],"class_list":{"0":"post-16851","1":"product","2":"type-product","3":"status-publish","4":"has-post-thumbnail","6":"product_brand-alama","7":"product_cat-capelli-1","8":"product_cat-colorazione-diretta-1","9":"product_cat-hair-care-1","10":"product_cat-maschere-2","11":"product_cat-tecnico-1","12":"product_tag-alama","14":"first","15":"instock","16":"sale","17":"taxable","18":"shipping-taxable","19":"purchasable","20":"product-type-simple"},"jetpack-related-posts":[],"_links":{"self":[{"href":"https:\/\/tyshop.it\/en\/wp-json\/wp\/v2\/product\/16851","targetHints":{"allow":["GET"]}}],"collection":[{"href":"https:\/\/tyshop.it\/en\/wp-json\/wp\/v2\/product"}],"about":[{"href":"https:\/\/tyshop.it\/en\/wp-json\/wp\/v2\/types\/product"}],"replies":[{"embeddable":true,"href":"https:\/\/tyshop.it\/en\/wp-json\/wp\/v2\/comments?post=16851"}],"version-history":[{"count":1,"href":"https:\/\/tyshop.it\/en\/wp-json\/wp\/v2\/product\/16851\/revisions"}],"predecessor-version":[{"id":35636,"href":"https:\/\/tyshop.it\/en\/wp-json\/wp\/v2\/product\/16851\/revisions\/35636"}],"wp:featuredmedia":[{"embeddable":true,"href":"https:\/\/tyshop.it\/en\/wp-json\/wp\/v2\/media\/16850"}],"wp:attachment":[{"href":"https:\/\/tyshop.it\/en\/wp-json\/wp\/v2\/media?parent=16851"}],"wp:term":[{"taxonomy":"product_brand","embeddable":true,"href":"https:\/\/tyshop.it\/en\/wp-json\/wp\/v2\/product_brand?post=16851"},{"taxonomy":"product_cat","embeddable":true,"href":"https:\/\/tyshop.it\/en\/wp-json\/wp\/v2\/product_cat?post=16851"},{"taxonomy":"product_tag","embeddable":true,"href":"https:\/\/tyshop.it\/en\/wp-json\/wp\/v2\/product_tag?post=16851"}],"curies":[{"name":"wp","href":"https:\/\/api.w.org\/{rel}","templated":true}]}}