{"id":18014,"date":"2024-11-18T16:12:19","date_gmt":"2024-11-18T16:12:19","guid":{"rendered":"https:\/\/tyshop.it\/product\/sali-di-ischia-balsamo-labbra-emolliente-bava-di-lumaca-5-5ml\/"},"modified":"2026-03-05T18:43:12","modified_gmt":"2026-03-05T18:43:12","slug":"sali-di-ischia-balsamo-labbra-emolliente-bava-di-lumaca-5-5ml","status":"publish","type":"product","link":"https:\/\/tyshop.it\/en\/product\/sali-di-ischia-balsamo-labbra-emolliente-bava-di-lumaca-5-5ml\/","title":{"rendered":"Sali di Ischia Balsamo Labbra Emolliente Bava di Lumaca 5.5ml"},"content":{"rendered":"<p>La sua formula innovativa, arricchita con bava di lumaca, nutre e rigenera la pelle delle labbra, <strong>contrastando la secchezza e la screpolatura<\/strong>. Grazie alle propriet\u00e0 emollienti e lenitive della bava di lumaca, questo balsamo aiuta a ripristinare la naturale morbidezza e elasticit\u00e0 delle labbra, donando un comfort immediato e duraturo.<\/p>\n<p>Il risultato \u00e8 un trattamento intensivo che lascia le labbra visibilmente pi\u00f9 lisce, idratate e protette, per un aspetto sano e luminoso. Perfetto per l&#8217;uso quotidiano, questo balsamo \u00e8 ideale anche per le labbra particolarmente secche o danneggiate.<\/p>","protected":false},"excerpt":{"rendered":"<p><strong>Ischia balsamo labbra emolliente con bava di lumaca<\/strong> (5.5 ml) \u00e8 un trattamento intensivo per labbra morbide e idratate<\/p>","protected":false},"featured_media":18013,"comment_status":"open","ping_status":"closed","template":"","meta":{"jetpack_post_was_ever_published":false},"product_brand":[2792],"product_cat":[711,753,750,712],"product_tag":[813],"class_list":{"0":"post-18014","1":"product","2":"type-product","3":"status-publish","4":"has-post-thumbnail","6":"product_brand-sali-di-ischia","7":"product_cat-estetica","8":"product_cat-labbra","9":"product_cat-make-up","10":"product_cat-viso","11":"product_tag-sali-di-ischia","13":"first","14":"instock","15":"sale","16":"taxable","17":"shipping-taxable","18":"purchasable","19":"product-type-simple"},"jetpack-related-posts":[],"_links":{"self":[{"href":"https:\/\/tyshop.it\/en\/wp-json\/wp\/v2\/product\/18014","targetHints":{"allow":["GET"]}}],"collection":[{"href":"https:\/\/tyshop.it\/en\/wp-json\/wp\/v2\/product"}],"about":[{"href":"https:\/\/tyshop.it\/en\/wp-json\/wp\/v2\/types\/product"}],"replies":[{"embeddable":true,"href":"https:\/\/tyshop.it\/en\/wp-json\/wp\/v2\/comments?post=18014"}],"version-history":[{"count":1,"href":"https:\/\/tyshop.it\/en\/wp-json\/wp\/v2\/product\/18014\/revisions"}],"predecessor-version":[{"id":35563,"href":"https:\/\/tyshop.it\/en\/wp-json\/wp\/v2\/product\/18014\/revisions\/35563"}],"wp:featuredmedia":[{"embeddable":true,"href":"https:\/\/tyshop.it\/en\/wp-json\/wp\/v2\/media\/18013"}],"wp:attachment":[{"href":"https:\/\/tyshop.it\/en\/wp-json\/wp\/v2\/media?parent=18014"}],"wp:term":[{"taxonomy":"product_brand","embeddable":true,"href":"https:\/\/tyshop.it\/en\/wp-json\/wp\/v2\/product_brand?post=18014"},{"taxonomy":"product_cat","embeddable":true,"href":"https:\/\/tyshop.it\/en\/wp-json\/wp\/v2\/product_cat?post=18014"},{"taxonomy":"product_tag","embeddable":true,"href":"https:\/\/tyshop.it\/en\/wp-json\/wp\/v2\/product_tag?post=18014"}],"curies":[{"name":"wp","href":"https:\/\/api.w.org\/{rel}","templated":true}]}}