{"id":24739,"date":"2025-06-30T16:08:19","date_gmt":"2025-06-30T16:08:19","guid":{"rendered":"https:\/\/tyshop.it\/product\/fanola-wonder-extra-care-nourishing-shampoo-ristrutturante-350ml\/"},"modified":"2026-03-05T15:41:42","modified_gmt":"2026-03-05T15:41:42","slug":"fanola-wonder-extra-care-nourishing-shampoo-ristrutturante-350ml","status":"publish","type":"product","link":"https:\/\/tyshop.it\/en\/product\/fanola-wonder-extra-care-nourishing-shampoo-ristrutturante-350ml\/","title":{"rendered":"Fanola Wonder Extra Care Nourishing Shampoo Ristrutturante 350ml"},"content":{"rendered":"<p>Qui da Lecce, sappiamo che anche i capelli pi\u00f9 stressati meritano una seconda vita! Il <b class=\"\">Fanola Wonder Extra Care Nourishing Shampoo Ristrutturante 350ml<\/b> \u00e8 il tuo alleato professionale per capelli secchi, crespi, danneggiati e trattati chimicamente. Questo shampoo \u00e8 stato specificamente formulato per detergere delicatamente, mentre infonde un nutrimento profondo e una vitalit\u00e0 sorprendente.<\/p>","protected":false},"excerpt":{"rendered":"<p>Immagina i tuoi capelli che rinascono: la sua formula avanzata, arricchita con <b>Olio di Cocco<\/b> e <b>Pantenolo (Pro-Vitamina B5)<\/b>, \u00e8 un vero concentrato di benessere. <span class=\"citation-275 citation-end-275\">Lo shampoo agisce in profondit\u00e0 senza appesantire, fornendo un&#8217;intensa idratazione e nutrimento che leviga la cuticola e sigilla la fibra capillare.<\/span> Il risultato? <span class=\"citation-274\">Capelli straordinariamente <\/span><b><span class=\"citation-274\">morbidi al tatto<\/span><\/b><span class=\"citation-274\">, incredibilmente <\/span><b><span class=\"citation-274\">lucidi<\/span><\/b><span class=\"citation-274 citation-end-274\"> e visibilmente sani, dalla radice alle punte, con un aspetto setoso e leggero che ti far\u00e0 innamorare.<\/span><\/p>","protected":false},"featured_media":24738,"comment_status":"open","ping_status":"closed","template":"","meta":{"jetpack_post_was_ever_published":false},"product_brand":[2736],"product_cat":[664,666,679],"product_tag":[1464],"class_list":{"0":"post-24739","1":"product","2":"type-product","3":"status-publish","4":"has-post-thumbnail","6":"product_brand-fanola","7":"product_cat-capelli-1","8":"product_cat-hair-care-1","9":"product_cat-shampoo-1","10":"product_tag-fanola","12":"first","13":"instock","14":"sale","15":"taxable","16":"shipping-taxable","17":"purchasable","18":"product-type-simple"},"jetpack-related-posts":[],"_links":{"self":[{"href":"https:\/\/tyshop.it\/en\/wp-json\/wp\/v2\/product\/24739","targetHints":{"allow":["GET"]}}],"collection":[{"href":"https:\/\/tyshop.it\/en\/wp-json\/wp\/v2\/product"}],"about":[{"href":"https:\/\/tyshop.it\/en\/wp-json\/wp\/v2\/types\/product"}],"replies":[{"embeddable":true,"href":"https:\/\/tyshop.it\/en\/wp-json\/wp\/v2\/comments?post=24739"}],"version-history":[{"count":1,"href":"https:\/\/tyshop.it\/en\/wp-json\/wp\/v2\/product\/24739\/revisions"}],"predecessor-version":[{"id":35915,"href":"https:\/\/tyshop.it\/en\/wp-json\/wp\/v2\/product\/24739\/revisions\/35915"}],"wp:featuredmedia":[{"embeddable":true,"href":"https:\/\/tyshop.it\/en\/wp-json\/wp\/v2\/media\/24738"}],"wp:attachment":[{"href":"https:\/\/tyshop.it\/en\/wp-json\/wp\/v2\/media?parent=24739"}],"wp:term":[{"taxonomy":"product_brand","embeddable":true,"href":"https:\/\/tyshop.it\/en\/wp-json\/wp\/v2\/product_brand?post=24739"},{"taxonomy":"product_cat","embeddable":true,"href":"https:\/\/tyshop.it\/en\/wp-json\/wp\/v2\/product_cat?post=24739"},{"taxonomy":"product_tag","embeddable":true,"href":"https:\/\/tyshop.it\/en\/wp-json\/wp\/v2\/product_tag?post=24739"}],"curies":[{"name":"wp","href":"https:\/\/api.w.org\/{rel}","templated":true}]}}