{"id":24754,"date":"2025-06-30T18:13:01","date_gmt":"2025-06-30T18:13:01","guid":{"rendered":"https:\/\/tyshop.it\/product\/oro-therapy-maschera-illuminante-300ml\/"},"modified":"2026-03-05T08:42:15","modified_gmt":"2026-03-05T08:42:15","slug":"oro-therapy-maschera-illuminante-300ml","status":"publish","type":"product","link":"https:\/\/tyshop.it\/en\/product\/oro-therapy-maschera-illuminante-300ml\/","title":{"rendered":"Fanola Oro Therapy Maschera Illuminante 300ML"},"content":{"rendered":"","protected":false},"excerpt":{"rendered":"<p>La <b>Fanola Oro Therapy Maschera Illuminante 300ml<\/b> \u00e8 pi\u00f9 di una semplice maschera: \u00e8 un trattamento di lusso che riporter\u00e0 i tuoi capelli al loro splendore naturale. Ogni applicazione \u00e8 un&#8217;esperienza sensoriale che combina l&#8217;efficacia professionale con ingredienti preziosi per risultati visibili e duraturi.<\/p>","protected":false},"featured_media":24753,"comment_status":"open","ping_status":"closed","template":"","meta":{"jetpack_post_was_ever_published":false},"product_brand":[2736],"product_cat":[664,666,680],"product_tag":[1464],"class_list":{"0":"post-24754","1":"product","2":"type-product","3":"status-publish","4":"has-post-thumbnail","6":"product_brand-fanola","7":"product_cat-capelli-1","8":"product_cat-hair-care-1","9":"product_cat-maschere-2","10":"product_tag-fanola","12":"first","13":"instock","14":"sale","15":"taxable","16":"shipping-taxable","17":"purchasable","18":"product-type-simple"},"jetpack-related-posts":[],"_links":{"self":[{"href":"https:\/\/tyshop.it\/en\/wp-json\/wp\/v2\/product\/24754","targetHints":{"allow":["GET"]}}],"collection":[{"href":"https:\/\/tyshop.it\/en\/wp-json\/wp\/v2\/product"}],"about":[{"href":"https:\/\/tyshop.it\/en\/wp-json\/wp\/v2\/types\/product"}],"replies":[{"embeddable":true,"href":"https:\/\/tyshop.it\/en\/wp-json\/wp\/v2\/comments?post=24754"}],"version-history":[{"count":0,"href":"https:\/\/tyshop.it\/en\/wp-json\/wp\/v2\/product\/24754\/revisions"}],"wp:featuredmedia":[{"embeddable":true,"href":"https:\/\/tyshop.it\/en\/wp-json\/wp\/v2\/media\/24753"}],"wp:attachment":[{"href":"https:\/\/tyshop.it\/en\/wp-json\/wp\/v2\/media?parent=24754"}],"wp:term":[{"taxonomy":"product_brand","embeddable":true,"href":"https:\/\/tyshop.it\/en\/wp-json\/wp\/v2\/product_brand?post=24754"},{"taxonomy":"product_cat","embeddable":true,"href":"https:\/\/tyshop.it\/en\/wp-json\/wp\/v2\/product_cat?post=24754"},{"taxonomy":"product_tag","embeddable":true,"href":"https:\/\/tyshop.it\/en\/wp-json\/wp\/v2\/product_tag?post=24754"}],"curies":[{"name":"wp","href":"https:\/\/api.w.org\/{rel}","templated":true}]}}