{"id":24962,"date":"2025-07-11T17:53:32","date_gmt":"2025-07-11T17:53:32","guid":{"rendered":"https:\/\/tyshop.it\/product\/lacca-finet-color-castano-400ml\/"},"modified":"2026-03-05T08:29:19","modified_gmt":"2026-03-05T08:29:19","slug":"lacca-finet-color-castano-400ml","status":"publish","type":"product","link":"https:\/\/tyshop.it\/en\/product\/lacca-finet-color-castano-400ml\/","title":{"rendered":"Lacca Finet Color Castano 400ml"},"content":{"rendered":"<p>La <b class=\"\">Lacca Finet Color Castano 400ml<\/b> \u00e8 il tuo tocco finale professionale per un fissaggio impeccabile che non solo mantiene la tua acconciatura perfetta, ma <b class=\"\">esalta e illumina le profondit\u00e0 del tuo colore castano<\/b>, sia naturale che tinto o con m\u00e8ches. \u00c8 la soluzione ideale per donare brillantezza, tenuta duratura e una protezione superiore alla tua chioma.<\/p>","protected":false},"excerpt":{"rendered":"<p>La <b>Lacca Finet Color Castano 400ml<\/b> non \u00e8 solo un prodotto per lo styling, ma un vero e proprio trattamento che si prende cura della vitalit\u00e0 e della profondit\u00e0 del tuo colore castano. La sua formulazione \u00e8 stata attentamente studiata per offrire prestazioni professionali, valorizzando al massimo le tonalit\u00e0 scure e mantenendone la brillantezza.<\/p>","protected":false},"featured_media":24961,"comment_status":"open","ping_status":"closed","template":"","meta":{"jetpack_post_was_ever_published":false},"product_brand":[2741],"product_cat":[664,687,667],"product_tag":[2229],"class_list":{"0":"post-24962","1":"product","2":"type-product","3":"status-publish","4":"has-post-thumbnail","6":"product_brand-helen-seward","7":"product_cat-capelli-1","8":"product_cat-lacche-e-mousse-1","9":"product_cat-styling-e-finish","10":"product_tag-helen-seward","12":"first","13":"instock","14":"sale","15":"taxable","16":"shipping-taxable","17":"purchasable","18":"product-type-simple"},"jetpack-related-posts":[],"_links":{"self":[{"href":"https:\/\/tyshop.it\/en\/wp-json\/wp\/v2\/product\/24962","targetHints":{"allow":["GET"]}}],"collection":[{"href":"https:\/\/tyshop.it\/en\/wp-json\/wp\/v2\/product"}],"about":[{"href":"https:\/\/tyshop.it\/en\/wp-json\/wp\/v2\/types\/product"}],"replies":[{"embeddable":true,"href":"https:\/\/tyshop.it\/en\/wp-json\/wp\/v2\/comments?post=24962"}],"version-history":[{"count":1,"href":"https:\/\/tyshop.it\/en\/wp-json\/wp\/v2\/product\/24962\/revisions"}],"predecessor-version":[{"id":35894,"href":"https:\/\/tyshop.it\/en\/wp-json\/wp\/v2\/product\/24962\/revisions\/35894"}],"wp:featuredmedia":[{"embeddable":true,"href":"https:\/\/tyshop.it\/en\/wp-json\/wp\/v2\/media\/24961"}],"wp:attachment":[{"href":"https:\/\/tyshop.it\/en\/wp-json\/wp\/v2\/media?parent=24962"}],"wp:term":[{"taxonomy":"product_brand","embeddable":true,"href":"https:\/\/tyshop.it\/en\/wp-json\/wp\/v2\/product_brand?post=24962"},{"taxonomy":"product_cat","embeddable":true,"href":"https:\/\/tyshop.it\/en\/wp-json\/wp\/v2\/product_cat?post=24962"},{"taxonomy":"product_tag","embeddable":true,"href":"https:\/\/tyshop.it\/en\/wp-json\/wp\/v2\/product_tag?post=24962"}],"curies":[{"name":"wp","href":"https:\/\/api.w.org\/{rel}","templated":true}]}}