{"id":25176,"date":"2025-07-17T07:04:45","date_gmt":"2025-07-17T07:04:45","guid":{"rendered":"https:\/\/tyshop.it\/product\/kost-glow-illuiminante-in-gocce-viso-corpo01\/"},"modified":"2026-03-05T08:21:16","modified_gmt":"2026-03-05T08:21:16","slug":"kost-glow-illuiminante-in-gocce-viso-corpo01","status":"publish","type":"product","link":"https:\/\/tyshop.it\/en\/product\/kost-glow-illuiminante-in-gocce-viso-corpo01\/","title":{"rendered":"Kost Glow Illuiminante in Gocce Viso\/Corpo01"},"content":{"rendered":"<p>Il <b>Kost Glow Illuminante in Gocce Viso\/Corpo 01<\/b> \u00e8 il segreto per ottenere una luminosit\u00e0 personalizzabile, dal soft glow a un effetto strobing pi\u00f9 intenso, su viso e corpo. \u00c8 il tuo alleato perfetto per un look fresco, radioso e baciato dal sole, in ogni stagione.<\/p>","protected":false},"excerpt":{"rendered":"<p>Il <b>Kost Glow Illuminante in Gocce Viso\/Corpo 01<\/b> \u00e8 un prodotto estremamente versatile che pu\u00f2 essere integrato nella tua routine di bellezza in diversi modi, a seconda dell&#8217;effetto desiderato.<\/p>\n<p>&nbsp;<\/p>","protected":false},"featured_media":25175,"comment_status":"open","ping_status":"closed","template":"","meta":{"jetpack_post_was_ever_published":false},"product_brand":[2758],"product_cat":[713,711,712],"product_tag":[2398],"class_list":{"0":"post-25176","1":"product","2":"type-product","3":"status-publish","4":"has-post-thumbnail","6":"product_brand-kost","7":"product_cat-corpo","8":"product_cat-estetica","9":"product_cat-viso","10":"product_tag-kost","12":"first","13":"instock","14":"sale","15":"taxable","16":"shipping-taxable","17":"purchasable","18":"product-type-simple"},"jetpack-related-posts":[],"_links":{"self":[{"href":"https:\/\/tyshop.it\/en\/wp-json\/wp\/v2\/product\/25176","targetHints":{"allow":["GET"]}}],"collection":[{"href":"https:\/\/tyshop.it\/en\/wp-json\/wp\/v2\/product"}],"about":[{"href":"https:\/\/tyshop.it\/en\/wp-json\/wp\/v2\/types\/product"}],"replies":[{"embeddable":true,"href":"https:\/\/tyshop.it\/en\/wp-json\/wp\/v2\/comments?post=25176"}],"version-history":[{"count":0,"href":"https:\/\/tyshop.it\/en\/wp-json\/wp\/v2\/product\/25176\/revisions"}],"wp:featuredmedia":[{"embeddable":true,"href":"https:\/\/tyshop.it\/en\/wp-json\/wp\/v2\/media\/25175"}],"wp:attachment":[{"href":"https:\/\/tyshop.it\/en\/wp-json\/wp\/v2\/media?parent=25176"}],"wp:term":[{"taxonomy":"product_brand","embeddable":true,"href":"https:\/\/tyshop.it\/en\/wp-json\/wp\/v2\/product_brand?post=25176"},{"taxonomy":"product_cat","embeddable":true,"href":"https:\/\/tyshop.it\/en\/wp-json\/wp\/v2\/product_cat?post=25176"},{"taxonomy":"product_tag","embeddable":true,"href":"https:\/\/tyshop.it\/en\/wp-json\/wp\/v2\/product_tag?post=25176"}],"curies":[{"name":"wp","href":"https:\/\/api.w.org\/{rel}","templated":true}]}}