{"id":25473,"date":"2025-07-30T15:44:26","date_gmt":"2025-07-30T15:44:26","guid":{"rendered":"https:\/\/tyshop.it\/product\/alfaparf-yellow-maintenance-mask-color-care-500ml\/"},"modified":"2026-03-05T08:14:34","modified_gmt":"2026-03-05T08:14:34","slug":"alfaparf-yellow-maintenance-mask-color-care-500ml","status":"publish","type":"product","link":"https:\/\/tyshop.it\/en\/product\/alfaparf-yellow-maintenance-mask-color-care-500ml\/","title":{"rendered":"Alfaparf Yellow Maintenance Mask Color Care 500ml"},"content":{"rendered":"<p><span class=\"citation-747\">L&#8217;<\/span><b><span class=\"citation-747\">Alfaparf Yellow Maintenance Mask Color Care 500ml<\/span><\/b><span class=\"citation-747\"> \u00e8 il tuo trattamento settimanale indispensabile, progettata per offrire ai tuoi capelli colorati una <\/span><b><span class=\"citation-747\">protezione intensa contro lo sbiadimento, un nutrimento profondo e una lucentezza vibrante<\/span><\/b><span class=\"citation-747 citation-end-747\"> che dura a lungo.<\/span> <span class=\"citation-746 citation-end-746\">\u00c8 la soluzione perfetta per chi ha capelli tinti o trattati chimicamente e desidera preservare l&#8217;intensit\u00e0 del colore, prevenire l&#8217;opacit\u00e0 e mantenere la chioma sana e brillante.<\/span><\/p>","protected":false},"excerpt":{"rendered":"<p>Immagina un colore che rimane vibrante come il primo giorno, con riflessi splendenti e una lucentezza che cattura la luce, il tutto mentre i tuoi capelli si sentono morbidi e nutriti. <span class=\"citation-529\">Questa maschera si distingue per la sua <\/span><b><span class=\"citation-529\">formula ricca e cremosa<\/span><\/b><span class=\"citation-529\">, spesso arricchita con ingredienti specifici che agiscono come barriera protettiva per il colore, come <\/span><b><span class=\"citation-529\">Estratti di Bacche di Goji e Aloetrix<\/span><\/b><span class=\"citation-529 citation-end-529\">.<\/span> Penetrano in profondit\u00e0 nella fibra capillare, nutrendo intensamente, sigillando le cuticole e bloccando i pigmenti all&#8217;interno, proteggendoli dai danni dei raggi UV e dai lavaggi frequenti. <span class=\"citation-528\">Il generoso formato da <\/span><b><span class=\"citation-528\">500ml<\/span><\/b><span class=\"citation-528 citation-end-528\"> ti garantisce una lunga durata del trattamento, per un colore sempre al top.<\/span><\/p>","protected":false},"featured_media":25472,"comment_status":"open","ping_status":"closed","template":"","meta":{"jetpack_post_was_ever_published":false},"product_brand":[2699],"product_cat":[664,666,680],"product_tag":[617],"class_list":{"0":"post-25473","1":"product","2":"type-product","3":"status-publish","4":"has-post-thumbnail","6":"product_brand-alfaparf-yellow","7":"product_cat-capelli-1","8":"product_cat-hair-care-1","9":"product_cat-maschere-2","10":"product_tag-alfaparf-yellow","12":"first","13":"instock","14":"sale","15":"taxable","16":"shipping-taxable","17":"purchasable","18":"product-type-simple"},"jetpack-related-posts":[],"_links":{"self":[{"href":"https:\/\/tyshop.it\/en\/wp-json\/wp\/v2\/product\/25473","targetHints":{"allow":["GET"]}}],"collection":[{"href":"https:\/\/tyshop.it\/en\/wp-json\/wp\/v2\/product"}],"about":[{"href":"https:\/\/tyshop.it\/en\/wp-json\/wp\/v2\/types\/product"}],"replies":[{"embeddable":true,"href":"https:\/\/tyshop.it\/en\/wp-json\/wp\/v2\/comments?post=25473"}],"version-history":[{"count":1,"href":"https:\/\/tyshop.it\/en\/wp-json\/wp\/v2\/product\/25473\/revisions"}],"predecessor-version":[{"id":35836,"href":"https:\/\/tyshop.it\/en\/wp-json\/wp\/v2\/product\/25473\/revisions\/35836"}],"wp:featuredmedia":[{"embeddable":true,"href":"https:\/\/tyshop.it\/en\/wp-json\/wp\/v2\/media\/25472"}],"wp:attachment":[{"href":"https:\/\/tyshop.it\/en\/wp-json\/wp\/v2\/media?parent=25473"}],"wp:term":[{"taxonomy":"product_brand","embeddable":true,"href":"https:\/\/tyshop.it\/en\/wp-json\/wp\/v2\/product_brand?post=25473"},{"taxonomy":"product_cat","embeddable":true,"href":"https:\/\/tyshop.it\/en\/wp-json\/wp\/v2\/product_cat?post=25473"},{"taxonomy":"product_tag","embeddable":true,"href":"https:\/\/tyshop.it\/en\/wp-json\/wp\/v2\/product_tag?post=25473"}],"curies":[{"name":"wp","href":"https:\/\/api.w.org\/{rel}","templated":true}]}}