{"id":32908,"date":"2025-11-19T15:55:29","date_gmt":"2025-11-19T15:55:29","guid":{"rendered":"https:\/\/tyshop.it\/?post_type=product&#038;p=32908"},"modified":"2026-01-30T18:27:05","modified_gmt":"2026-01-30T18:27:05","slug":"inebrya-style-in-new-siero-protettivo-laminante-100ml","status":"publish","type":"product","link":"https:\/\/tyshop.it\/en\/product\/inebrya-style-in-new-siero-protettivo-laminante-100ml\/","title":{"rendered":"Inebrya Style-In New Siero Protettivo Laminante 100ml"},"content":{"rendered":"<p data-start=\"860\" data-end=\"1279\"><strong data-start=\"860\" data-end=\"918\">Inebrya Style-In New Siero Protettivo Laminante 100 ml<\/strong> \u00e8 un trattamento professionale di nuova generazione pensato per conferire ai capelli un effetto laminato immediato: ultra-luminoso, levigato e privo di crespo. La sua formula avanzata forma un film protettivo che sigilla la cuticola, uniforma la superficie del capello e valorizza i riflessi, rendendo la chioma straordinariamente brillante e morbida al tatto.<\/p>\n<p data-start=\"1281\" data-end=\"1665\">Pensato per parrucchieri che desiderano un finish impeccabile, il siero \u00e8 ideale da utilizzare dopo la piega, la stiratura a piastra o il brushing. Aiuta a mantenere lo styling pi\u00f9 a lungo, protegge dall\u2019umidit\u00e0 e preserva la piega da gonfiore e opacit\u00e0. \u00c8 perfetto anche per capelli trattati o colorati, poich\u00e9 enfatizza i giochi di luce e prolunga la vividezza del colore cosmetico.<\/p>\n<p data-start=\"1667\" data-end=\"1958\">La sua texture setosa, non grassa e leggerissima permette un\u2019applicazione precisa, che non appesantisce e non unge nemmeno le chiome pi\u00f9 sottili. Bastano poche gocce distribuite su lunghezze e punte per trasformare visibilmente l\u2019aspetto del capello e donare un sofisticato effetto specchio.<\/p>\n<p data-start=\"1960\" data-end=\"2279\">Ottimo come prodotto di vendita al banco, il <strong data-start=\"2005\" data-end=\"2056\">Siero Protettivo Laminante Inebrya Style-In New<\/strong> \u00e8 l\u2019alleato ideale per chi desidera mantenere a casa lo stesso livello di brillantezza e definizione ottenuto in salone. Perfetto per look lisci, onde glamour o styling eleganti: un vero must per chi punta alla perfezione.<\/p>","protected":false},"excerpt":{"rendered":"<p data-start=\"198\" data-end=\"807\">Inebrya Style-In New Siero Protettivo Laminante 100 ml \u00e8 il trattamento ideale per ottenere capelli ultra-lucidi, protetti e perfettamente disciplinati. La sua formula laminante crea un film professionale che leviga la fibra, elimina il crespo e valorizza il colore naturale o cosmetico. Perfetto come finish dopo piega o liscio a piastra, dona un effetto specchio immediato senza appesantire. Protegge da umidit\u00e0, calore e aggressioni esterne, lasciando i capelli morbidi, setosi e ordinati a lungo. Un must-have per saloni e clienti che desiderano un risultato brillante, elegante e altamente professionale.<\/p>","protected":false},"featured_media":32960,"comment_status":"open","ping_status":"closed","template":"","meta":{"jetpack_post_was_ever_published":false},"product_brand":[2747],"product_cat":[664,683,667],"product_tag":[],"class_list":{"0":"post-32908","1":"product","2":"type-product","3":"status-publish","4":"has-post-thumbnail","6":"product_brand-inebrya","7":"product_cat-capelli-1","8":"product_cat-cristalli-e-olii-1","9":"product_cat-styling-e-finish","11":"first","12":"instock","13":"sale","14":"taxable","15":"shipping-taxable","16":"purchasable","17":"product-type-simple"},"jetpack-related-posts":[],"_links":{"self":[{"href":"https:\/\/tyshop.it\/en\/wp-json\/wp\/v2\/product\/32908","targetHints":{"allow":["GET"]}}],"collection":[{"href":"https:\/\/tyshop.it\/en\/wp-json\/wp\/v2\/product"}],"about":[{"href":"https:\/\/tyshop.it\/en\/wp-json\/wp\/v2\/types\/product"}],"replies":[{"embeddable":true,"href":"https:\/\/tyshop.it\/en\/wp-json\/wp\/v2\/comments?post=32908"}],"version-history":[{"count":0,"href":"https:\/\/tyshop.it\/en\/wp-json\/wp\/v2\/product\/32908\/revisions"}],"wp:featuredmedia":[{"embeddable":true,"href":"https:\/\/tyshop.it\/en\/wp-json\/wp\/v2\/media\/32960"}],"wp:attachment":[{"href":"https:\/\/tyshop.it\/en\/wp-json\/wp\/v2\/media?parent=32908"}],"wp:term":[{"taxonomy":"product_brand","embeddable":true,"href":"https:\/\/tyshop.it\/en\/wp-json\/wp\/v2\/product_brand?post=32908"},{"taxonomy":"product_cat","embeddable":true,"href":"https:\/\/tyshop.it\/en\/wp-json\/wp\/v2\/product_cat?post=32908"},{"taxonomy":"product_tag","embeddable":true,"href":"https:\/\/tyshop.it\/en\/wp-json\/wp\/v2\/product_tag?post=32908"}],"curies":[{"name":"wp","href":"https:\/\/api.w.org\/{rel}","templated":true}]}}